{"id":19,"date":"2016-12-26T17:08:46","date_gmt":"2016-12-26T17:08:46","guid":{"rendered":"http:\/\/gbr.es\/?page_id=19"},"modified":"2018-10-17T09:17:21","modified_gmt":"2018-10-17T09:17:21","slug":"projectes","status":"publish","type":"page","link":"http:\/\/gbr.es\/index.php\/projectes\/","title":{"rendered":"Projectes"},"content":{"rendered":"<div style=\"width: 42%; float: left;\">\n<h4><a href=\"http:\/\/gbr.es\/index.php\/hotel-prestige-congress\/\">Hotel Prestige Congress\u00a0<\/a><br \/>\n<a href=\"http:\/\/gbr.es\/index.php\/centre-medic-teknon\/\">Centre M\u00e8dic Teknon<\/a><br \/>\n<a href=\"http:\/\/gbr.es\/index.php\/illa-bayer\/\">Illa Bayer<\/a><br \/>\n<a href=\"http:\/\/gbr.es\/index.php\/comu-dencamp\/\">Com\u00fa d\u2019Encamp<\/a><br \/>\n<a href=\"http:\/\/gbr.es\/index.php\/cett-residencia-destudiants\/\">CETT. Resid\u00e8ncia d\u2019estudiants<\/a><br \/>\n<a href=\"http:\/\/gbr.es\/index.php\/entenca-154\/\">Enten\u00e7a 154<\/a><br \/>\n<a href=\"http:\/\/gbr.es\/index.php\/centre-civic-pla-de-bonaire\/\">Centre C\u00edvic Pl\u00e0 de Bonaire<\/a><br \/>\n<a href=\"http:\/\/gbr.es\/index.php\/provenca-101\/\">Proven\u00e7a 101<\/a><br \/>\n<a href=\"http:\/\/gbr.es\/index.php\/sagrera\/\">Sagrera<\/a><br \/>\n<a href=\"http:\/\/gbr.es\/index.php\/nau-i-oficines\/\">Nau i oficines<\/a><br \/>\n<a href=\"http:\/\/gbr.es\/index.php\/gran-de-sant-andreu-256\/\">Gran de Sant Andreu 256<\/a><br \/>\n<a href=\"http:\/\/gbr.es\/index.php\/casa-iranzo\/\">Casa Iranzo<\/a><br \/>\n<a href=\"http:\/\/gbr.es\/index.php\/almogavers-50\/\">Almog\u00e0vers 50<\/a><br \/>\n<a href=\"http:\/\/gbr.es\/index.php\/esglesia-a-guadalmar\/\">Esgl\u00e8sia a Guadalmar<\/a><br \/>\n<a href=\"http:\/\/gbr.es\/index.php\/corsega-61\/\">C\u00f3rsega 61<\/a><br \/>\n<a href=\"http:\/\/gbr.es\/index.php\/apartaments-port-gran\/\">Apartaments Port Gran<\/a><br \/>\n<a href=\"http:\/\/gbr.es\/index.php\/trinita-nova-habitatges-proteccio-oficial\/\">Trinita Nova. Habitatges Protecci\u00f3 Oficial<\/a><br \/>\n<a href=\"http:\/\/gbr.es\/index.php\/sardenya-447\/\">Sardenya 447<\/a><br \/>\n<a href=\"http:\/\/gbr.es\/index.php\/balneari-prats\/\">Balneari Prats<\/a><br \/>\n<a href=\"http:\/\/gbr.es\/index.php\/avinguda-de-roma-142-144\/\">Avinguda de Roma 142-144<\/a><br \/>\n<a href=\"http:\/\/gbr.es\/index.php\/can-llong-habitatges-de-proteccio-oficial\/\">Can Llong. Habitatges de Protecci\u00f3 Oficial<\/a><br \/>\n<a href=\"http:\/\/gbr.es\/index.php\/fabra-i-puig-317-319\/\">Fabra i Puig 317-319<\/a><br \/>\n<a href=\"http:\/\/gbr.es\/index.php\/natzaret-2\/\">Natzaret 2<\/a><br \/>\n<a href=\"http:\/\/gbr.es\/index.php\/passeig-bonanova-46-52\/\">Passeig Bonanova 46-52<\/a><br \/>\n<a href=\"http:\/\/gbr.es\/index.php\/plana-de-lest\/\">Plana de l\u2019Est<\/a><br \/>\n<a href=\"http:\/\/gbr.es\/index.php\/calabria-205\/\">Cal\u00e0bria 205<\/a><br \/>\n<a href=\"http:\/\/gbr.es\/index.php\/gran-de-sant-andreu-142\/\">Gran de Sant Andreu 142<\/a><br \/>\n<a href=\"http:\/\/gbr.es\/index.php\/torreforta-habitatges-de-proteccio-oficial\/\">Torreforta. Habitatges de Protecci\u00f3 Oficial<\/a><br \/>\n<a href=\"http:\/\/gbr.es\/index.php\/industria-101\/\">Industria 101<\/a><\/h4>\n<\/div>\n<div style=\"width: 38%; float: left;\">\n<h4><a href=\"http:\/\/gbr.es\/index.php\/placa-universitat\/\">Pla\u00e7a Universitat<\/a><br \/>\n<a href=\"http:\/\/gbr.es\/index.php\/marques-de-sentmenat-73\/\">Marqu\u00e8s de Sentmenat 73<\/a><br \/>\n<a href=\"http:\/\/gbr.es\/index.php\/lazaro-cardenas-4\/\">L\u00e0zaro C\u00e0rdenas 4<\/a><br \/>\n<a href=\"http:\/\/gbr.es\/index.php\/passeig-de-sant-joan-29\/\">Passeig de Sant Joan 29<\/a><br \/>\n<a href=\"http:\/\/gbr.es\/index.php\/porcelanosa\/\">Porcelanosa<\/a><br \/>\n<a href=\"http:\/\/gbr.es\/index.php\/residencia-malalts-mentals\/\">Resid\u00e8ncia malalts mentals<\/a><br \/>\n<a href=\"http:\/\/gbr.es\/index.php\/casa-unifamiliar-a-roda-de-bara\/\">Casa Unifamiliar a Roda de Bar\u00e0<\/a><br \/>\n<a href=\"http:\/\/gbr.es\/index.php\/pluto-habitatges-de-proteccio-oficial\/\">Plut\u00f3. Hab.de Protecci\u00f3 Oficial<\/a><br \/>\n<a href=\"http:\/\/gbr.es\/index.php\/conjunt-habitatges-alella\/\">Conjunt Habitatges Alella<\/a><br \/>\n<a href=\"http:\/\/gbr.es\/index.php\/gran-de-sant-andreu-319-325\/\">Gran de Sant Andreu 319-325<\/a><br \/>\n<a href=\"http:\/\/gbr.es\/index.php\/onze-de-setembre-habitatges-de-proteccio-oficial\/\">Onze de Setembre. Habitatges de Protecci\u00f3 Oficial<\/a><br \/>\n<a href=\"http:\/\/gbr.es\/index.php\/hotel-golf-peralada\/\">Hotel Golf Peralada<\/a><br \/>\n<a href=\"http:\/\/gbr.es\/index.php\/vergos-20\/\">Verg\u00f3s 20<\/a><br \/>\n<a href=\"http:\/\/gbr.es\/index.php\/el-surell\/\">El Surell<\/a><br \/>\n<a href=\"http:\/\/gbr.es\/index.php\/teodor-llorente-25-39\/\">Teodor Llorente 25-39<\/a><br \/>\n<a href=\"http:\/\/gbr.es\/index.php\/teodor-llorente-32-40\/\">Teodor Llorente 32-40<\/a><br \/>\n<a href=\"http:\/\/gbr.es\/index.php\/josep-gaspa-15-25\/\">Josep Gasp\u00e0 15-25<\/a><br \/>\n<a href=\"http:\/\/gbr.es\/index.php\/concurs-habitatges\/\">Concurs Habitatges<\/a><br \/>\n<a href=\"http:\/\/gbr.es\/index.php\/prat-de-la-riba-50-52\/\">Prat de la Riba 50-52<\/a><br \/>\n<a href=\"http:\/\/gbr.es\/index.php\/sant-gabriel-23\/\">Sant Gabriel 23<\/a><\/h4>\n<\/div>\n<div style=\"float: right;\"><img loading=\"lazy\" decoding=\"async\" class=\"size-medium wp-image-105 alignright\" src=\"http:\/\/localhost\/gbr1\/wp-content\/uploads\/2016\/12\/estudi4-199x300.jpg\" alt=\"estudi4\" width=\"199\" height=\"300\" srcset=\"http:\/\/gbr.es\/wp-content\/uploads\/2016\/12\/estudi4-199x300.jpg 199w, http:\/\/gbr.es\/wp-content\/uploads\/2016\/12\/estudi4.jpg 289w\" sizes=\"auto, (max-width: 199px) 100vw, 199px\" \/><\/div>\n<p>&nbsp;<\/p>\n<p>&nbsp;<\/p>\n<p>&nbsp;<\/p>\n<p>&nbsp;<\/p>\n","protected":false},"excerpt":{"rendered":"<p>Hotel Prestige Congress\u00a0 Centre M\u00e8dic Teknon Illa Bayer Com\u00fa d\u2019Encamp CETT. Resid\u00e8ncia d\u2019estudiants Enten\u00e7a 154 Centre C\u00edvic Pl\u00e0 de Bonaire Proven\u00e7a 101 Sagrera Nau i oficines Gran de Sant Andreu 256 Casa Iranzo Almog\u00e0vers 50 Esgl\u00e8sia a Guadalmar C\u00f3rsega 61 Apartaments Port Gran Trinita Nova. Habitatges Protecci\u00f3 Oficial Sardenya 447 Balneari Prats Avinguda de Roma [&hellip;]<\/p>\n","protected":false},"author":1,"featured_media":0,"parent":0,"menu_order":0,"comment_status":"closed","ping_status":"closed","template":"","meta":{"footnotes":""},"class_list":["post-19","page","type-page","status-publish","hentry"],"aioseo_notices":[],"_links":{"self":[{"href":"http:\/\/gbr.es\/index.php\/wp-json\/wp\/v2\/pages\/19","targetHints":{"allow":["GET"]}}],"collection":[{"href":"http:\/\/gbr.es\/index.php\/wp-json\/wp\/v2\/pages"}],"about":[{"href":"http:\/\/gbr.es\/index.php\/wp-json\/wp\/v2\/types\/page"}],"author":[{"embeddable":true,"href":"http:\/\/gbr.es\/index.php\/wp-json\/wp\/v2\/users\/1"}],"replies":[{"embeddable":true,"href":"http:\/\/gbr.es\/index.php\/wp-json\/wp\/v2\/comments?post=19"}],"version-history":[{"count":35,"href":"http:\/\/gbr.es\/index.php\/wp-json\/wp\/v2\/pages\/19\/revisions"}],"predecessor-version":[{"id":591,"href":"http:\/\/gbr.es\/index.php\/wp-json\/wp\/v2\/pages\/19\/revisions\/591"}],"wp:attachment":[{"href":"http:\/\/gbr.es\/index.php\/wp-json\/wp\/v2\/media?parent=19"}],"curies":[{"name":"wp","href":"https:\/\/api.w.org\/{rel}","templated":true}]}}